{"id":24597,"date":"2023-11-23T14:06:48","date_gmt":"2023-11-23T14:06:48","guid":{"rendered":"https:\/\/trustbooks.ee\/?page_id=24597"},"modified":"2026-03-16T15:52:58","modified_gmt":"2026-03-16T15:52:58","slug":"tasuta-konsultatsioon","status":"publish","type":"page","link":"https:\/\/trustbooks.ee\/et\/tasuta-konsultatsioon\/","title":{"rendered":"Tasuta konsultatsioon"},"content":{"rendered":"\t\t<div data-elementor-type=\"wp-page\" data-elementor-id=\"24597\" class=\"elementor elementor-24597 elementor-23456\">\n\t\t\t\t<div class=\"elementor-element elementor-element-c3c2c27 e-flex e-con-boxed e-con e-parent\" data-id=\"c3c2c27\" data-element_type=\"container\" data-e-type=\"container\" data-settings=\"{&quot;background_background&quot;:&quot;classic&quot;}\">\n\t\t\t\t\t<div class=\"e-con-inner\">\n\t\t<div class=\"elementor-element elementor-element-5865f0a e-con-full e-flex e-con e-child\" data-id=\"5865f0a\" data-element_type=\"container\" data-e-type=\"container\">\n\t\t\t\t<div class=\"elementor-element elementor-element-5588cf9 animated-fast elementor-widget__width-initial elementor-invisible elementor-widget elementor-widget-elementskit-heading\" data-id=\"5588cf9\" data-element_type=\"widget\" data-e-type=\"widget\" data-settings=\"{&quot;_animation&quot;:&quot;fadeIn&quot;,&quot;_animation_delay&quot;:100,&quot;ekit_we_effect_on&quot;:&quot;css&quot;}\" data-widget_type=\"elementskit-heading.default\">\n\t\t\t\t\t<div class=\"ekit-wid-con\" ><div class=\"ekit-heading elementskit-section-title-wraper text_center   ekit_heading_tablet-   ekit_heading_mobile-text_center\"><h6 class=\"elementskit-section-subtitle   ekit-heading__subtitle-has-border\">\n\t\t\t\t\t\tHankige tasuta hinnapakkumine\n\t\t\t\t\t<\/h6><h1 class=\"ekit-heading--title elementskit-section-title \">Hankige tasuta hinnapakkumine<\/h1>\t\t\t\t<div class='ekit-heading__description'>\n\t\t\t\t\t<p>V\u00f5tke meiega julgelt \u00fchendust allolevate valikute abil ja meie p\u00fchendunud meeskond vastab teie k\u00fcsimustele viivitamatult.<\/p>\n\t\t\t\t<\/div>\n\t\t\t<\/div><\/div>\t\t\t\t<\/div>\n\t\t\t\t<div class=\"elementor-element elementor-element-aac3934 animated-fast elementor-invisible elementor-widget elementor-widget-elementskit-breadcrumb\" data-id=\"aac3934\" data-element_type=\"widget\" data-e-type=\"widget\" data-settings=\"{&quot;_animation&quot;:&quot;fadeIn&quot;,&quot;_animation_delay&quot;:100,&quot;ekit_we_effect_on&quot;:&quot;none&quot;}\" data-widget_type=\"elementskit-breadcrumb.default\">\n\t\t\t\t<div class=\"elementor-widget-container\">\n\t\t\t\t\t<div class=\"ekit-wid-con\" ><ol class=\"ekit-breadcrumb\"><li class=\"ekit_breadcrumbs_start\"><a href=\"https:\/\/trustbooks.ee\/et\/\">Home<\/a><\/li> <li class=\"brd_sep\"><span class=\"separate_icon\"><i class=\"fas fa-chevron-right\"><\/i><\/span><\/li>  <li>Tasuta konsultatsioon<\/li><\/ol><\/div>\t\t\t\t<\/div>\n\t\t\t\t<\/div>\n\t\t\t\t<\/div>\n\t\t\t\t\t<\/div>\n\t\t\t\t<\/div>\n\t\t<div class=\"elementor-element elementor-element-01a47ac e-flex e-con-boxed e-con e-parent\" data-id=\"01a47ac\" data-element_type=\"container\" data-e-type=\"container\">\n\t\t\t\t\t<div class=\"e-con-inner\">\n\t\t<div class=\"elementor-element elementor-element-e9c40e4 e-con-full e-flex e-con e-child\" data-id=\"e9c40e4\" data-element_type=\"container\" data-e-type=\"container\">\n\t\t\t\t<div class=\"elementor-element elementor-element-a6c2231 elementor-widget elementor-widget-shortcode\" data-id=\"a6c2231\" data-element_type=\"widget\" data-e-type=\"widget\" data-settings=\"{&quot;ekit_we_effect_on&quot;:&quot;none&quot;}\" data-widget_type=\"shortcode.default\">\n\t\t\t\t\t\t\t<div class=\"elementor-shortcode\"><div class=\"forminator-ui forminator-custom-form forminator-custom-form-24987 forminator-design--basic  forminator_ajax\" data-forminator-render=\"0\" data-form=\"forminator-module-24987\" data-uid=\"69e22e56d033d\"><br\/><\/div><form\r\n\t\t\t\tid=\"forminator-module-24987\"\r\n\t\t\t\tclass=\"forminator-ui forminator-custom-form forminator-custom-form-24987 forminator-design--basic  forminator_ajax\"\r\n\t\t\t\tmethod=\"post\"\r\n\t\t\t\tdata-forminator-render=\"0\"\r\n\t\t\t\tdata-form-id=\"24987\"\r\n\t\t\t\t data-color-option=\"theme\" data-design=\"basic\" data-grid=\"open\" style=\"display: none;\"\r\n\t\t\t\tdata-uid=\"69e22e56d033d\"\r\n\t\t\t><div role=\"alert\" aria-live=\"polite\" class=\"forminator-response-message forminator-error\" aria-hidden=\"true\"><\/div><div class=\"forminator-row\"><div id=\"name-1\" class=\"forminator-field-name forminator-col forminator-col-4 \"><div class=\"forminator-field\"><label for=\"forminator-field-name-1_69e22e56d033d\" id=\"forminator-field-name-1_69e22e56d033d-label\" class=\"forminator-label\">Nimi <span class=\"forminator-required\">*<\/span><\/label><input type=\"text\" name=\"name-1\" value=\"\" placeholder=\"\" id=\"forminator-field-name-1_69e22e56d033d\" class=\"forminator-input forminator-name--field\" aria-required=\"true\" autocomplete=\"name\" \/><\/div><\/div><div id=\"phone-1\" class=\"forminator-field-phone forminator-col forminator-col-4 \"><div class=\"forminator-field\"><label for=\"forminator-field-phone-1_69e22e56d033d\" id=\"forminator-field-phone-1_69e22e56d033d-label\" class=\"forminator-label\">Telefoninumber<\/label><input type=\"text\" name=\"phone-1\" value=\"\" placeholder=\"\" id=\"forminator-field-phone-1_69e22e56d033d\" class=\"forminator-input forminator-field--phone\" data-required=\"\" aria-required=\"false\" autocomplete=\"off\" data-national_mode=\"disabled\" data-country=\"ee\" data-validation=\"international\" \/><\/div><\/div><div id=\"email-1\" class=\"forminator-field-email forminator-col forminator-col-4 \"><div class=\"forminator-field\"><label for=\"forminator-field-email-1_69e22e56d033d\" id=\"forminator-field-email-1_69e22e56d033d-label\" class=\"forminator-label\">E-posti aadress <span class=\"forminator-required\">*<\/span><\/label><input type=\"email\" name=\"email-1\" value=\"\" placeholder=\"\" id=\"forminator-field-email-1_69e22e56d033d\" class=\"forminator-input forminator-email--field\" data-required=\"1\" aria-required=\"true\" autocomplete=\"email\" \/><\/div><\/div><\/div><div class=\"forminator-row\"><div id=\"select-1\" class=\"forminator-field-select forminator-col forminator-col-12 \"><div class=\"forminator-field\"><label for=\"forminator-form-24987__field--select-1_69e22e56d033d\" id=\"forminator-form-24987__field--select-1_69e22e56d033d-label\" class=\"forminator-label\">Vali<\/label><select multiple id=\"forminator-form-24987__field--select-1_69e22e56d033d\" class=\"forminator-select--field forminator-select2 forminator-select2-multiple\" data-required=\"\" name=\"select-1[]\" data-default-value=\"\" data-hidden-behavior=\"zero\" data-placeholder=\"Kuidas me saame aidata\" data-search=\"false\" data-search-placeholder=\"Search\" data-checkbox=\"false\" data-allow-clear=\"true\" aria-labelledby=\"forminator-form-24987__field--select-1_69e22e56d033d-label\"><option value=\"one\"  data-calculation=\"0\">Raamatupidamine<\/option><option value=\"two\"  data-calculation=\"0\">Maksustamine<\/option><option value=\"Consulting\"  data-calculation=\"0\">Konsultatsioonid<\/option><option value=\"Technology\"  data-calculation=\"0\">Tehnoloogia<\/option><option value=\"Financial-Services\"  data-calculation=\"0\">Finantsteenused<\/option><option value=\"Other\"  data-calculation=\"0\">Muu<\/option><\/select><\/div><\/div><\/div><div class=\"forminator-row\"><div id=\"text-1\" class=\"forminator-field-text forminator-col forminator-col-12 \"><div class=\"forminator-field\"><label for=\"forminator-field-text-1_69e22e56d033d\" id=\"forminator-field-text-1_69e22e56d033d-label\" class=\"forminator-label\">Ettev\u00f5tte nimi<\/label><input type=\"text\" name=\"text-1\" value=\"\" placeholder=\"\" id=\"forminator-field-text-1_69e22e56d033d\" class=\"forminator-input forminator-name--field\" data-required=\"\" \/><\/div><\/div><\/div><div class=\"forminator-row\"><div id=\"text-2\" class=\"forminator-field-text forminator-col forminator-col-12 \"><div class=\"forminator-field\"><label for=\"forminator-field-text-2_69e22e56d033d\" id=\"forminator-field-text-2_69e22e56d033d-label\" class=\"forminator-label\">Aastane tulu<\/label><input type=\"text\" name=\"text-2\" value=\"\" placeholder=\"\" id=\"forminator-field-text-2_69e22e56d033d\" class=\"forminator-input forminator-name--field\" data-required=\"\" \/><\/div><\/div><\/div><div class=\"forminator-row\"><div id=\"url-1\" class=\"forminator-field-url forminator-col forminator-col-12 \"><div class=\"forminator-field\"><label for=\"forminator-field-url-1_69e22e56d033d\" id=\"forminator-field-url-1_69e22e56d033d-label\" class=\"forminator-label\">Ettev\u00f5tte koduleht<\/label><input type=\"url\" name=\"url-1\" value=\"\" placeholder=\"\" id=\"forminator-field-url-1_69e22e56d033d\" class=\"forminator-input forminator-website--field input-text s\" data-required=\"\" aria-required=\"false\" \/><\/div><\/div><\/div><div class=\"forminator-row\"><div id=\"consent-1\" class=\"forminator-field-consent forminator-col forminator-col-12 \"><div class=\"forminator-field\"><label for=\"forminator-field-consent-1_69e22e56d033d\" id=\"forminator-field-consent-1_69e22e56d033d-label\" class=\"forminator-label\">N\u00f5ustun <span class=\"forminator-required\">*<\/span><\/label><div class=\"forminator-checkbox__wrapper\"><label id=\"forminator-field-consent-1_69e22e56d033d__label\" class=\"forminator-checkbox forminator-consent\" aria-labelledby=\"forminator-field-consent-1_69e22e56d033d-label\"><input type=\"checkbox\" name=\"consent-1\" id=\"forminator-field-consent-1_69e22e56d033d\" value=\"checked\" aria-labelledby=\"forminator-field-consent-1_69e22e56d033d-label\" aria-describedby=\"forminator-field-consent-1_69e22e56d033d__description\" data-required=\"true\" aria-required=\"true\" \/><span class=\"forminator-checkbox-box\" aria-hidden=\"true\"><\/span><\/label><div id=\"forminator-field-consent-1_69e22e56d033d__description\" class=\"forminator-checkbox__label forminator-consent__label\"><p class=\"p1\">M\u00f5istan ja n\u00f5ustun privaatsuspoliitika ning kasutustingimustega.<\/p><\/div><\/div><\/div><\/div><\/div><div class=\"forminator-row\" style=\"margin: 0;\"><div id=\"captcha-1\" class=\"forminator-field-captcha  forminator-col-12 \"><div class=\"forminator-captcha-left forminator-g-recaptcha recaptcha-invisible\" data-theme=\"light\" data-badge=\"bottomright\" data-sitekey=\"6LdHQI0sAAAAAMr3sA_x92MPXBoOGc8JJbfxkr7l\" data-size=\"invisible\"><\/div> <\/div><\/div><input type=\"hidden\" name=\"referer_url\" value=\"\" \/><div class=\"forminator-row forminator-row-last\"><div class=\"forminator-col\"><div class=\"forminator-field\"><button class=\"forminator-button forminator-button-submit\">Saada<\/button><\/div><\/div><\/div><input type=\"hidden\" id=\"forminator_nonce\" name=\"forminator_nonce\" value=\"46108e43fe\" \/><input type=\"hidden\" name=\"_wp_http_referer\" value=\"\/et\/wp-json\/wp\/v2\/pages\/24597\" \/><input type=\"hidden\" name=\"form_id\" value=\"24987\"><input type=\"hidden\" name=\"page_id\" value=\"24597\"><input type=\"hidden\" name=\"form_type\" value=\"default\"><input type=\"hidden\" name=\"current_url\" value=\"https:\/\/trustbooks.ee\/et\/tasuta-konsultatsioon\/\"><input type=\"hidden\" name=\"render_id\" value=\"0\"><input type=\"hidden\" name=\"action\" value=\"forminator_submit_form_custom-forms\"><\/form><\/div>\n\t\t\t\t\t\t<\/div>\n\t\t\t\t<\/div>\n\t\t\t\t\t<\/div>\n\t\t\t\t<\/div>\n\t\t\t\t<\/div>\n\t\t","protected":false},"excerpt":{"rendered":"<p>Hankige tasuta hinnapakkumine Hankige tasuta hinnapakkumine V\u00f5tke meiega julgelt \u00fchendust allolevate valikute abil ja meie p\u00fchendunud meeskond vastab teie k\u00fcsimustele viivitamatult. Home<\/p>\n","protected":false},"author":1,"featured_media":0,"parent":0,"menu_order":0,"comment_status":"closed","ping_status":"closed","template":"","meta":{"inline_featured_image":false,"footnotes":""},"class_list":["post-24597","page","type-page","status-publish","hentry"],"_links":{"self":[{"href":"https:\/\/trustbooks.ee\/et\/wp-json\/wp\/v2\/pages\/24597","targetHints":{"allow":["GET"]}}],"collection":[{"href":"https:\/\/trustbooks.ee\/et\/wp-json\/wp\/v2\/pages"}],"about":[{"href":"https:\/\/trustbooks.ee\/et\/wp-json\/wp\/v2\/types\/page"}],"author":[{"embeddable":true,"href":"https:\/\/trustbooks.ee\/et\/wp-json\/wp\/v2\/users\/1"}],"replies":[{"embeddable":true,"href":"https:\/\/trustbooks.ee\/et\/wp-json\/wp\/v2\/comments?post=24597"}],"version-history":[{"count":0,"href":"https:\/\/trustbooks.ee\/et\/wp-json\/wp\/v2\/pages\/24597\/revisions"}],"wp:attachment":[{"href":"https:\/\/trustbooks.ee\/et\/wp-json\/wp\/v2\/media?parent=24597"}],"curies":[{"name":"wp","href":"https:\/\/api.w.org\/{rel}","templated":true}]}}