{"id":24581,"date":"2023-11-23T14:06:54","date_gmt":"2023-11-23T14:06:54","guid":{"rendered":"https:\/\/trustbooks.ee\/?page_id=24581"},"modified":"2026-03-16T15:52:12","modified_gmt":"2026-03-16T15:52:12","slug":"kontakt","status":"publish","type":"page","link":"https:\/\/trustbooks.ee\/et\/kontakt\/","title":{"rendered":"Kontakt"},"content":{"rendered":"\t\t<div data-elementor-type=\"wp-page\" data-elementor-id=\"24581\" class=\"elementor elementor-24581 elementor-23457\">\n\t\t\t\t<div class=\"elementor-element elementor-element-4370243 e-con-full e-flex e-con e-parent\" data-id=\"4370243\" data-element_type=\"container\" data-e-type=\"container\" data-settings=\"{&quot;background_background&quot;:&quot;classic&quot;}\">\n\t\t<div class=\"elementor-element elementor-element-8821a50 e-con-full animated-fast e-flex elementor-invisible e-con e-child\" data-id=\"8821a50\" data-element_type=\"container\" data-e-type=\"container\" data-settings=\"{&quot;background_background&quot;:&quot;classic&quot;,&quot;animation&quot;:&quot;fadeIn&quot;,&quot;animation_delay&quot;:100}\">\n\t\t\t\t<div class=\"elementor-element elementor-element-996bc3b elementor-widget elementor-widget-image\" data-id=\"996bc3b\" data-element_type=\"widget\" data-e-type=\"widget\" data-settings=\"{&quot;ekit_we_effect_on&quot;:&quot;none&quot;}\" data-widget_type=\"image.default\">\n\t\t\t\t\t\t\t\t\t\t\t\t\t\t\t\t<a href=\"https:\/\/www.google.com\/maps\/place\/V.+Reimani+tn+5,+10124+Tallinn\/@59.4378016,24.7551672,17z\/data=!4m15!1m8!3m7!1s0x4692936096227907:0x88c310cf01a6ef6f!2sHobujaama+tn+4,+10151+Tallinn!3b1!8m2!3d59.4377989!4d24.7577421!16s%2Fg%2F11nns98swh!3m5!1s0x4692935e51ec765d:0x8c38d46044801966!8m2!3d59.4360023!4d24.7621732!16s%2Fg%2F11bw3y116q?entry=ttu&#038;g_ep=EgoyMDI2MDIxMS4wIKXMDSoASAFQAw%3D%3D\">\n\t\t\t\t\t\t\t<img fetchpriority=\"high\" decoding=\"async\" width=\"855\" height=\"740\" src=\"https:\/\/trustbooks.ee\/wp-content\/uploads\/2026\/02\/contact-us-map.jpg\" class=\"attachment-large size-large wp-image-24580\" alt=\"\" srcset=\"https:\/\/trustbooks.ee\/wp-content\/uploads\/2026\/02\/contact-us-map.jpg 855w, https:\/\/trustbooks.ee\/wp-content\/uploads\/2026\/02\/contact-us-map-300x260.jpg 300w, https:\/\/trustbooks.ee\/wp-content\/uploads\/2026\/02\/contact-us-map-768x665.jpg 768w, https:\/\/trustbooks.ee\/wp-content\/uploads\/2026\/02\/contact-us-map-710x615.jpg 710w\" sizes=\"(max-width: 855px) 100vw, 855px\" \/>\t\t\t\t\t\t\t\t<\/a>\n\t\t\t\t\t\t\t\t\t\t\t\t\t\t\t<\/div>\n\t\t\t\t<\/div>\n\t\t<div class=\"elementor-element elementor-element-d8c757a e-con-full e-flex e-con e-child\" data-id=\"d8c757a\" data-element_type=\"container\" data-e-type=\"container\">\n\t\t<div class=\"elementor-element elementor-element-0421a6b e-con-full e-flex e-con e-child\" data-id=\"0421a6b\" data-element_type=\"container\" data-e-type=\"container\">\n\t\t\t\t<div class=\"elementor-element elementor-element-a1fe9af animated-fast elementor-widget__width-initial elementor-invisible elementor-widget elementor-widget-elementskit-heading\" data-id=\"a1fe9af\" data-element_type=\"widget\" data-e-type=\"widget\" data-settings=\"{&quot;_animation&quot;:&quot;fadeIn&quot;,&quot;_animation_delay&quot;:100,&quot;ekit_we_effect_on&quot;:&quot;css&quot;}\" data-widget_type=\"elementskit-heading.default\">\n\t\t\t\t\t<div class=\"ekit-wid-con\" ><div class=\"ekit-heading elementskit-section-title-wraper text_left   ekit_heading_tablet-   ekit_heading_mobile-text_left\"><h6 class=\"elementskit-section-subtitle   ekit-heading__subtitle-has-border\">\n\t\t\t\t\t\tKontakt\n\t\t\t\t\t<\/h6><h2 class=\"ekit-heading--title elementskit-section-title \">Oleme <span>siin<\/span> teie jaoks<\/h2>\t\t\t\t<div class='ekit-heading__description'>\n\t\t\t\t\t<p>Kas teil on k\u00fcsimus v\u00f5i tagasisidet? T\u00e4itke allolev vorm ja me v\u00f5tame teiega \u00fchendust.<\/p>\n\t\t\t\t<\/div>\n\t\t\t<\/div><\/div>\t\t\t\t<\/div>\n\t\t\t\t<div class=\"elementor-element elementor-element-964fa3a elementor-widget elementor-widget-shortcode\" data-id=\"964fa3a\" data-element_type=\"widget\" data-e-type=\"widget\" data-settings=\"{&quot;ekit_we_effect_on&quot;:&quot;none&quot;}\" data-widget_type=\"shortcode.default\">\n\t\t\t\t\t\t\t<div class=\"elementor-shortcode\"><div class=\"forminator-ui forminator-custom-form forminator-custom-form-24986 forminator-design--basic  forminator_ajax\" data-forminator-render=\"1\" data-form=\"forminator-module-24986\" data-uid=\"69e9def47cc34\"><br\/><\/div><form\r\n\t\t\t\tid=\"forminator-module-24986\"\r\n\t\t\t\tclass=\"forminator-ui forminator-custom-form forminator-custom-form-24986 forminator-design--basic  forminator_ajax\"\r\n\t\t\t\tmethod=\"post\"\r\n\t\t\t\tdata-forminator-render=\"1\"\r\n\t\t\t\tdata-form-id=\"24986\"\r\n\t\t\t\t data-color-option=\"theme\" data-design=\"basic\" data-grid=\"open\" style=\"display: none;\"\r\n\t\t\t\tdata-uid=\"69e9def47cc34\"\r\n\t\t\t><div role=\"alert\" aria-live=\"polite\" class=\"forminator-response-message forminator-error\" aria-hidden=\"true\"><\/div><div class=\"forminator-row\"><div id=\"name-1\" class=\"forminator-field-name forminator-col forminator-col-12 \"><div class=\"forminator-field\"><label for=\"forminator-field-name-1_69e9def47cc34\" id=\"forminator-field-name-1_69e9def47cc34-label\" class=\"forminator-label\">Nimi <span class=\"forminator-required\">*<\/span><\/label><input type=\"text\" name=\"name-1\" value=\"\" placeholder=\"\" id=\"forminator-field-name-1_69e9def47cc34\" class=\"forminator-input forminator-name--field\" aria-required=\"true\" autocomplete=\"name\" \/><\/div><\/div><\/div><div class=\"forminator-row\"><div id=\"email-1\" class=\"forminator-field-email forminator-col forminator-col-12 \"><div class=\"forminator-field\"><label for=\"forminator-field-email-1_69e9def47cc34\" id=\"forminator-field-email-1_69e9def47cc34-label\" class=\"forminator-label\">E-posti aadress <span class=\"forminator-required\">*<\/span><\/label><input type=\"email\" name=\"email-1\" value=\"\" placeholder=\"\" id=\"forminator-field-email-1_69e9def47cc34\" class=\"forminator-input forminator-email--field\" data-required=\"true\" aria-required=\"true\" autocomplete=\"email\" \/><\/div><\/div><\/div><div class=\"forminator-row\"><div id=\"textarea-1\" class=\"forminator-field-textarea forminator-col forminator-col-12 \"><div class=\"forminator-field\"><label for=\"forminator-field-textarea-1_69e9def47cc34\" id=\"forminator-field-textarea-1_69e9def47cc34-label\" class=\"forminator-label\">S\u00f5num <span class=\"forminator-required\">*<\/span><\/label><span id=\"forminator-field-textarea-1_69e9def47cc34-description\" class=\"forminator-description\"><span data-limit=\"360\" data-type=\"characters\" data-editor=\"\">0 \/ 360<\/span><\/span><textarea name=\"textarea-1\" placeholder=\"\" id=\"forminator-field-textarea-1_69e9def47cc34\" class=\"forminator-textarea\" rows=\"6\" style=\"--forminator-textarea-min-height:140px;\" maxlength=\"360\" ><\/textarea><\/div><\/div><\/div><div class=\"forminator-row\" style=\"margin: 0;\"><div id=\"captcha-1\" class=\"forminator-field-captcha  forminator-col-12 \"><div class=\"forminator-captcha-left forminator-g-recaptcha recaptcha-invisible\" data-theme=\"light\" data-badge=\"bottomright\" data-sitekey=\"6LdHQI0sAAAAAMr3sA_x92MPXBoOGc8JJbfxkr7l\" data-size=\"invisible\"><\/div> <\/div><\/div><input type=\"hidden\" name=\"referer_url\" value=\"\" \/><div class=\"forminator-row forminator-row-last\"><div class=\"forminator-col\"><div class=\"forminator-field\"><button class=\"forminator-button forminator-button-submit\">Saada s&otilde;num<\/button><\/div><\/div><\/div><input type=\"hidden\" id=\"forminator_nonce\" name=\"forminator_nonce\" value=\"271162e22c\" \/><input type=\"hidden\" name=\"_wp_http_referer\" value=\"\/et\/wp-json\/wp\/v2\/pages\/24581\" \/><input type=\"hidden\" name=\"form_id\" value=\"24986\"><input type=\"hidden\" name=\"page_id\" value=\"24581\"><input type=\"hidden\" name=\"form_type\" value=\"default\"><input type=\"hidden\" name=\"current_url\" value=\"https:\/\/trustbooks.ee\/et\/kontakt\/\"><input type=\"hidden\" name=\"render_id\" value=\"1\"><input type=\"hidden\" name=\"action\" value=\"forminator_submit_form_custom-forms\"><\/form><\/div>\n\t\t\t\t\t\t<\/div>\n\t\t\t\t<\/div>\n\t\t\t\t<\/div>\n\t\t\t\t<\/div>\n\t\t\t\t<\/div>\n\t\t","protected":false},"excerpt":{"rendered":"<p>Kontakt Oleme siin teie jaoks Kas teil on k\u00fcsimus v\u00f5i tagasisidet? T\u00e4itke allolev vorm ja me v\u00f5tame teiega \u00fchendust.<\/p>\n","protected":false},"author":1,"featured_media":0,"parent":0,"menu_order":0,"comment_status":"closed","ping_status":"closed","template":"","meta":{"inline_featured_image":false,"footnotes":""},"class_list":["post-24581","page","type-page","status-publish","hentry"],"_links":{"self":[{"href":"https:\/\/trustbooks.ee\/et\/wp-json\/wp\/v2\/pages\/24581","targetHints":{"allow":["GET"]}}],"collection":[{"href":"https:\/\/trustbooks.ee\/et\/wp-json\/wp\/v2\/pages"}],"about":[{"href":"https:\/\/trustbooks.ee\/et\/wp-json\/wp\/v2\/types\/page"}],"author":[{"embeddable":true,"href":"https:\/\/trustbooks.ee\/et\/wp-json\/wp\/v2\/users\/1"}],"replies":[{"embeddable":true,"href":"https:\/\/trustbooks.ee\/et\/wp-json\/wp\/v2\/comments?post=24581"}],"version-history":[{"count":0,"href":"https:\/\/trustbooks.ee\/et\/wp-json\/wp\/v2\/pages\/24581\/revisions"}],"wp:attachment":[{"href":"https:\/\/trustbooks.ee\/et\/wp-json\/wp\/v2\/media?parent=24581"}],"curies":[{"name":"wp","href":"https:\/\/api.w.org\/{rel}","templated":true}]}}