{"id":24509,"date":"2023-11-09T12:20:06","date_gmt":"2023-11-09T12:20:06","guid":{"rendered":"https:\/\/trustbooks.ee\/?page_id=24509"},"modified":"2026-04-09T15:48:57","modified_gmt":"2026-04-09T15:48:57","slug":"avaleht","status":"publish","type":"page","link":"https:\/\/trustbooks.ee\/et\/","title":{"rendered":"Avaleht"},"content":{"rendered":"<h6>\n\t\t\t\t\t\tRaamatupidamine Eestis<br \/>\n\t\t\t\t\t<\/h6>\n<h1>Usaldus on oluline.<\/h1>\n<h1 data-id=\"c73f6c6\" data-animation-settings=\"{&quot;animationStyle&quot;:&quot;animated&quot;,&quot;animationDelay&quot;:1500,&quot;loadingBar&quot;:3800,&quot;lettersDelay&quot;:50,&quot;typeLettersDelay&quot;:150,&quot;duration&quot;:500,&quot;revealDuration&quot;:600,&quot;revealAnimationDelay&quot;:1500}\">\n\t\t\t\t\t\t\t\t\t\t<b>Raamatupidamine<\/b><br \/>\n\t\t\t\t\t\t\t\t\t\t<b>Maksuteenused<\/b><br \/>\n\t\t\t\t\t\t\t\t\t\t<b>Konsultatsioonid<\/b><br \/>\n\t\t\t            <\/h1>\n<p>Tagage oma finantsedu professionaalsete ja personaalsete raamatupidamisteenustega.<\/p>\n<p>\t\t\t\t\t\t\t<a href=\"https:\/\/trustbooks.ee\/et\/tasuta-konsultatsioon\/\" id=\"\"><br \/>\n\t\t\t\t\tTasuta konsultatsioon\t\t\t\t<\/a><\/p>\n<ul >\n<li >\n\t\t\t\t\t\t\t\t\t\t\t<a href=\"#who-we-help\" aria-label=\"Keda me aitame\"><\/a><br \/>\n\t\t\t\t\t\t\tKeda me aitame\n\t\t\t\t<\/li>\n<li >\n\t\t\t\t\t\t\t\t\t\t\t<a href=\"#approach\" aria-label=\"L\u00e4henemisviis\"><\/a><br \/>\n\t\t\t\t\t\t\tL\u00e4henemisviis\n\t\t\t\t<\/li>\n<li >\n\t\t\t\t\t\t\t\t\t\t\t<a href=\"#benefits\" aria-label=\"Eelised\"><\/a><br \/>\n\t\t\t\t\t\t\tEelised\n\t\t\t\t<\/li>\n<li >\n\t\t\t\t\t\t\t\t\t\t\t<a href=\"#testimonials\" aria-label=\"Iseloomustused\"><\/a><br \/>\n\t\t\t\t\t\t\tIseloomustused\n\t\t\t\t<\/li>\n<li >\n\t\t\t\t\t\t\t\t\t\t\t<a href=\"#connect\" aria-label=\"\u00dchendust\"><\/a><br \/>\n\t\t\t\t\t\t\t\t<img decoding=\"async\" width=\"50\" height=\"49\" src=\"https:\/\/trustbooks.ee\/wp-content\/uploads\/2026\/02\/TrustBooks_favicon.png\" alt=\"Invest in Estonia\" \/><br \/>\n\t\t\t\t\t\t\t\u00dchendust\n\t\t\t\t<\/li>\n<\/ul>\n<h6>\n\t\t\t\t\t\tTeenused<br \/>\n\t\t\t\t\t<\/h6>\n<h2>Raamatupidamislahendus igal tasemel<\/h2>\n<p>Olenemata sellest, kas olete \u00fcksikisik, v\u00e4ike meeskond v\u00f5i kasvav ettev\u00f5te, meil on plaan, mis on koosk\u00f5las teie eesm\u00e4rkidega.<\/p>\n<p>\t\t\t\t\t\t\t\t\t\t\t\t\t\t\t\t\t\t<img fetchpriority=\"high\" decoding=\"async\" width=\"450\" height=\"563\" src=\"https:\/\/trustbooks.ee\/wp-content\/uploads\/2023\/12\/accounting1.jpg\" alt=\"Corporate tax Estonia\" \/>\t\t\t\t\t\t\t\t\t\t\t\t\t\t\t\t<\/p>\n<h6>\n\t\t\t\t\t\tRaamatupidamisteenused<br \/>\n\t\t\t\t\t<\/h6>\n<h3>T\u00e4ielik raamatupidamislahendus ettev\u00f5tetele ja investoritele<\/h3>\n<p>Finantsjuhtimine ja aruandlus, mis tagab t\u00e4psed positsioonid.<\/p>\n<ul >\n<li >\n\t\t\t\t\t\t\tMaksma ja saamata arved\n\t\t\t\t<\/li>\n<li >\n\t\t\t\t\t\t\tPalgaarvestus ja kulud\n\t\t\t\t<\/li>\n<li >\n\t\t\t\t\t\t\tJuhtimisaruandlus\n\t\t\t\t<\/li>\n<li >\n\t\t\t\t\t\t\tAastaaruanded\n\t\t\t\t<\/li>\n<li >\n\t\t\t\t\t\t\tRaamatupidamistehnoloogia\n\t\t\t\t<\/li>\n<\/ul>\n<p>\t\t\t\t\t\t\t\t\t\t\t\t\t\t\t<img decoding=\"async\" src=\"https:\/\/trustbooks.ee\/wp-content\/uploads\/2023\/12\/finpath-accounting-2.jpg\" title=\"\" alt=\"\" loading=\"lazy\" \/>\t\t\t\t\t\t\t\t\t\t\t\t\t\t\t\t<\/p>\n<h6>\n\t\t\t\t\t\tMaksuteenused<br \/>\n\t\t\t\t\t<\/h6>\n<h3>T\u00e4psed maksulahendused, mis tagavad teie maksukohustuse<\/h3>\n<p>Hallake ja esitage oma ettev\u00f5tte makse, k\u00e4ibemaksu ja palgamakse Eestis.<\/p>\n<ul >\n<li >\n\t\t\t\t\t\t\tMaksuarvestus\n\t\t\t\t<\/li>\n<li >\n\t\t\t\t\t\t\tMaksuameti aruandlus\n\t\t\t\t<\/li>\n<li >\n\t\t\t\t\t\t\tMaksude optimiseerimine\n\t\t\t\t<\/li>\n<li >\n\t\t\t\t\t\t\tEesti maksukonsultatsioon\n\t\t\t\t<\/li>\n<li >\n\t\t\t\t\t\t\tRahvusvaheline maksustamine\n\t\t\t\t<\/li>\n<\/ul>\n<p>\t\t\t\t\t\t\t\t\t\t\t\t\t\t\t<img decoding=\"async\" width=\"850\" height=\"708\" src=\"https:\/\/trustbooks.ee\/wp-content\/uploads\/2023\/12\/finpath-accounting-4.jpg\" alt=\"\" \/>\t\t\t\t\t\t\t\t\t\t\t\t\t\t\t\t<\/p>\n<h6>\n\t\t\t\t\t\tKonsultatsiooniteenused<br \/>\n\t\t\t\t\t<\/h6>\n<h3>Ekspertlik finantsstrateegia riskide ja tootluse optimeerimiseks<\/h3>\n<p>Kapitali optimeerimine ja usalduse loomine finants- ja \u00e4ripartneritega.<\/p>\n<ul >\n<li >\n\t\t\t\t\t\t\tFinantsstrateegia\n\t\t\t\t<\/li>\n<li >\n\t\t\t\t\t\t\tToetused ja rahastuse taotlemine\n\t\t\t\t<\/li>\n<li >\n\t\t\t\t\t\t\tPangandus ja maksed\n\t\t\t\t<\/li>\n<li >\n\t\t\t\t\t\t\tInvestoritega suhtlemine\n\t\t\t\t<\/li>\n<li >\n\t\t\t\t\t\t\tFinantstehnoloogia\n\t\t\t\t<\/li>\n<\/ul>\n<h6>\n\t\t\t\t\t\tMeie kliendid<br \/>\n\t\t\t\t\t<\/h6>\n<h2>Keda me aitame<\/h2>\n<p>TrustBooks aitab ettev\u00f5tteid ja investoreid, nii keskmise suurusega kui ka v\u00e4ikeseid.<\/p>\n<p>\t\t\t\t\t\t\t\t        <!-- link opening --><br \/>\n                <a href=\"#\"><br \/>\n                <!-- end link opening --><\/p>\n<h4>\n                    Ettev\u00f5ted                <\/h4>\n<p>Aitame VKEdel ja rahvusvahelistel ettev\u00f5tetel s\u00e4\u00e4sta aega ja luua usaldust oma Eesti ettev\u00f5tte t\u00e4pse juhtimise abil.<\/p>\n<p>                <\/a><br \/>\n        \t\t\t\t\t        <!-- link opening --><br \/>\n                <a href=\"#\"><br \/>\n                <!-- end link opening --><\/p>\n<h4>\n                    Investorid                <\/h4>\n<p>Aitame varakatel \u00fcksikisikutel, perekondlikel investeerimisfondidel ja fondidel suurendada tootlust ja sujuvamaks muuta haldust nii Eestis kui ka Euroopas.<\/p>\n<p>                <\/a><\/p>\n<h6>\n\t\t\t\t\t\tMeie l\u00e4henemisviis<br \/>\n\t\t\t\t\t<\/h6>\n<h2>Ava kasvuv\u00f5imalused, loo usaldus<\/h2>\n<p>TrustBooks \u00fchendab raamatupidamis- ja konsultatsiooniteenused,<br \/>\npakkudes professionaalset ja personaalset teenust.<\/p>\n<p>\t\t\t\t\t\t\t\t        <!-- link opening --><br \/>\n                <a href=\"#\"><br \/>\n                <!-- end link opening --><\/p>\n<h4>\n                    Finantseksperdid                <\/h4>\n<p>Meie kogenud spetsialistidel on ulatuslikud kogemused raamatupidamise, maksude ja finantsteenuste valdkonnas.<\/p>\n<p>                <\/a><br \/>\n        \t\t\t\t\t        <!-- link opening --><br \/>\n                <a href=\"#\"><br \/>\n                <!-- end link opening --><\/p>\n<h4>\n                    Innovatiivne tehnoloogia                <\/h4>\n<p>Kasutame tipptehnoloogiat, et s\u00e4\u00e4sta teie aega, tagada t\u00e4psus ja luua uusi v\u00e4\u00e4rtuslikke teadmisi.<\/p>\n<p>                <\/a><br \/>\n        \t\t\t\t\t        <!-- link opening --><br \/>\n                <a href=\"#\"><br \/>\n                <!-- end link opening --><\/p>\n<h4>\n                    Kvaliteetne teenus                <\/h4>\n<p>Oleme uhked oma paindlikkuse, kvaliteetse teenuse pakkumise ja pikaajaliste suhete loomise \u00fcle.<\/p>\n<p>                <\/a><\/p>\n<h6>\n\t\t\t\t\t\tTeie eelised<br \/>\n\t\t\t\t\t<\/h6>\n<h2>Pakume j\u00e4tkusuutlikku v\u00e4\u00e4rtust<\/h2>\n<p>Aitame klientidel saavutada finantstulemusi, t\u00e4ita oma kohustusi ja sujuvamaks muuta haldust.<\/p>\n<p>\t\t\t\t\t\t\t\t        <!-- link opening --><br \/>\n                <a href=\"#\"><br \/>\n                <!-- end link opening --><\/p>\n<h4>\n                    S\u00e4\u00e4sta aega                <\/h4>\n<p>Nutikas automatiseerimine ja selge suhtlus k\u00f5rvaldavad administreerimise, v\u00f5imaldades teil keskenduda olulistele asjadele.<\/p>\n<p>                <\/a><br \/>\n        \t\t\t\t\t        <!-- link opening --><br \/>\n                <a href=\"#\"><br \/>\n                <!-- end link opening --><\/p>\n<h4>\n                    Suurenda tootlust                <\/h4>\n<p>Loo j\u00e4tkusuutlik kasumlikkus, suunates ressursse parimatesse v\u00f5imalustesse ja optimeerides rahandust.<\/p>\n<p>                <\/a><br \/>\n        \t\t\t\t\t        <!-- link opening --><br \/>\n                <a href=\"#\"><br \/>\n                <!-- end link opening --><\/p>\n<h4>\n                    Loo usaldus                <\/h4>\n<p>Loo usaldust, edastades \u00e4ripartneritele, investoritele ja valitsusele t\u00e4pseid ja \u00f5igeaegseid andmeid.<\/p>\n<p>                <\/a><\/p>\n<h6>\n\t\t\t\t\t\tTagasiside<br \/>\n\t\t\t\t\t<\/h6>\n<h2>Usaldus loeb<\/h2>\n<p>TrustBooksil on t\u00e4nu praktilistele lahendustele ja professionaalsele teenuste osutamisele kasvav klientide nimekiri.<\/p>\n<h5><i>\u201cTrustBooks annab usaldusv\u00e4\u00e4rset raamatupidamis- ja maksun\u00f5ustamist, suhtlus on alati l\u00e4bi m\u00f5eldud.&#8221;<\/i><\/h5>\n<h5>Key Capital<\/h5>\n<h5><i>\u201cTrustBooks tagab, et meie piiri\u00fclesed n\u00f5uded on kogutud ja arvestatud \u00f5igeaegselt&#8221;<\/i><\/h5>\n<h5>Sure Fintech<\/h5>\n<h6>\n\t\t\t\t\t\tMeeskond<br \/>\n\t\t\t\t\t<\/h6>\n<h2>Teile p\u00fchendunud<\/h2>\n<p>Meie kogenud spetsialistidel on ulatuslikud kogemused raamatupidamise, maksunduse ja finantsteenuste valdkonnas.<\/p>\n<p>\t\t\t\t\t\t\t<a aria-label=\"profile\" href=\"javascript:void(0)\" data-mfp-src=\"#ekit_team_modal_12adc79_24509\"><br \/>\n\t\t\t\t\t<img loading=\"lazy\" decoding=\"async\" width=\"1024\" height=\"683\" src=\"https:\/\/trustbooks.ee\/wp-content\/uploads\/2026\/02\/Neil-Mathieson-1024x683.webp\" alt=\"\" srcset=\"https:\/\/trustbooks.ee\/wp-content\/uploads\/2026\/02\/Neil-Mathieson-1024x683.webp 1024w, https:\/\/trustbooks.ee\/wp-content\/uploads\/2026\/02\/Neil-Mathieson-300x200.webp 300w, https:\/\/trustbooks.ee\/wp-content\/uploads\/2026\/02\/Neil-Mathieson-768x512.webp 768w, https:\/\/trustbooks.ee\/wp-content\/uploads\/2026\/02\/Neil-Mathieson-1536x1024.webp 1536w, https:\/\/trustbooks.ee\/wp-content\/uploads\/2026\/02\/Neil-Mathieson-2048x1366.webp 2048w, https:\/\/trustbooks.ee\/wp-content\/uploads\/2026\/02\/Neil-Mathieson-710x473.webp 710w\" sizes=\"(max-width: 1024px) 100vw, 1024px\" \/>\t\t\t\t<!-- .profile-header END --><br \/>\n\t\t\t\t\t\t\t<\/a><\/p>\n<h2>\n\t\t\t\t\t\t\t\t\t\t\t<a aria-label=\"profile\" href=\"javascript:void(0)\" data-mfp-src=\"#ekit_team_modal_12adc79_24509\"><br \/>\n\t\t\t\t\t\tNeil Mathieson\t\t\t\t\t\t<\/a><br \/>\n\t\t\t\t\t\t\t\t\t\t\t<\/h2>\n<p>Consulting<\/p>\n<p>\t\t\t\t\t\t\t\t\t<!-- .profile-body END --><\/p>\n<ul>\n<li>\n\t\t\t<a href=\"https:\/\/www.linkedin.com\/in\/neilmathieson\/\" aria-label=\"LinkedIn\"><br \/>\n\t\t\t\t\t\t\t<\/a>\n\t\t<\/li>\n<\/ul>\n<p>\t\t\t\t\t\t<button type=\"button\"><br \/>\n\t\t\t\t\t\t\t\t\t\t\t\t\t<\/button><br \/>\n\t\t\t\t\t\t\t\t\t<img loading=\"lazy\" decoding=\"async\" width=\"1024\" height=\"683\" src=\"https:\/\/trustbooks.ee\/wp-content\/uploads\/2026\/02\/Neil-Mathieson-1024x683.webp\" alt=\"\" srcset=\"https:\/\/trustbooks.ee\/wp-content\/uploads\/2026\/02\/Neil-Mathieson-1024x683.webp 1024w, https:\/\/trustbooks.ee\/wp-content\/uploads\/2026\/02\/Neil-Mathieson-300x200.webp 300w, https:\/\/trustbooks.ee\/wp-content\/uploads\/2026\/02\/Neil-Mathieson-768x512.webp 768w, https:\/\/trustbooks.ee\/wp-content\/uploads\/2026\/02\/Neil-Mathieson-1536x1024.webp 1536w, https:\/\/trustbooks.ee\/wp-content\/uploads\/2026\/02\/Neil-Mathieson-2048x1366.webp 2048w, https:\/\/trustbooks.ee\/wp-content\/uploads\/2026\/02\/Neil-Mathieson-710x473.webp 710w\" sizes=\"(max-width: 1024px) 100vw, 1024px\" \/>\t\t\t\t\t\t\t\t<\/p>\n<h2>Neil Mathieson<\/h2>\n<p>Consulting<\/p>\n<p>\t\t\t\t\t\t\t\t\t20yrs fintech advisory with Sure FinTech, 10yrs corporate banking with ABN AMRO and RBS. Deep technical knowledge of treasury, capital markets, financial services and software development. Extensive transaction experience with financial institutions, fintechs and investors in Europe.\t\t\t\t\t\t\t\t<\/p>\n<ul>\n<li><strong>Phone:<\/strong><a href=\"tel:+372 5193 6831\">+372 5193 6831<\/a><\/li>\n<li><strong>Email:<\/strong><a href=\"mailto:info@trustbooks.eu\">info@trustbooks.eu<\/a><\/li>\n<\/ul>\n<ul>\n<li>\n\t\t\t<a href=\"https:\/\/www.linkedin.com\/in\/neilmathieson\/\" aria-label=\"LinkedIn\"><br \/>\n\t\t\t\t\t\t\t<\/a>\n\t\t<\/li>\n<\/ul>\n<h6>\n\t\t\t\t\t\tBlogi<br \/>\n\t\t\t\t\t<\/h6>\n<h2>P\u00fcsi kursis ja leia inspiratsiooni<\/h2>\n<ul>\n<li>\n\t\t\t\t<a href=\"https:\/\/trustbooks.ee\/why-uk-investors-choose-an-estonian-entity\/\" ><br \/>\n\t\t\t\t\t<img loading=\"lazy\" width=\"150\" height=\"150\" src=\"https:\/\/trustbooks.ee\/wp-content\/uploads\/2026\/04\/hpjsku2uysu-150x150.jpg\" alt=\"invest in an estonian entity\" decoding=\"async\" \/><br \/>\n\t\t\t\t\t\tWhy UK investors choose an Estonian entity<br \/>\n\t\t\t\t\t\t\t\t04 Apr 2026<br \/>\n\t\t\t\t\t\t\t\t\t\t\t\t\t\t\t\t\t\t\t\t\t\t\t\t\t\t\t\tInvestment<br \/>\n\t\t\t\t<\/a>\n\t\t\t<\/li>\n<li>\n\t\t\t\t<a href=\"https:\/\/trustbooks.ee\/why-uk-businesses-choose-estonia\/\" ><br \/>\n\t\t\t\t\t<img loading=\"lazy\" width=\"150\" height=\"150\" src=\"https:\/\/trustbooks.ee\/wp-content\/uploads\/2026\/03\/1473958-150x150.png\" alt=\"UK businesses choose Estonia\" decoding=\"async\" \/><br \/>\n\t\t\t\t\t\tWhy UK businesses choose Estonia<br \/>\n\t\t\t\t\t\t\t\t03 Apr 2026<br \/>\n\t\t\t\t\t\t\t\t\t\t\t\t\t\t\t\t\t\t\t\t\t\t\t\t\t\t\t\tInvestment<br \/>\n\t\t\t\t<\/a>\n\t\t\t<\/li>\n<li>\n\t\t\t\t<a href=\"https:\/\/trustbooks.ee\/business-services-estonia\/\" ><br \/>\n\t\t\t\t\t<img loading=\"lazy\" width=\"150\" height=\"150\" src=\"https:\/\/trustbooks.ee\/wp-content\/uploads\/2026\/04\/36598855-150x150.jpeg\" alt=\"Soffices for business services Estonia\" decoding=\"async\" \/><br \/>\n\t\t\t\t\t\tBusiness Services Estonia<br \/>\n\t\t\t\t\t\t\t\t31 Mar 2026<br \/>\n\t\t\t\t\t\t\t\t\t\t\t\t\t\t\t\t\t\t\t\t\t\t\t\t\t\t\t\tBusiness Environment<br \/>\n\t\t\t\t<\/a>\n\t\t\t<\/li>\n<li>\n\t\t\t\t<a href=\"https:\/\/trustbooks.ee\/estonian-company-gateway-to-eu-growth\/\" ><br \/>\n\t\t\t\t\t<img loading=\"lazy\" width=\"150\" height=\"150\" src=\"https:\/\/trustbooks.ee\/wp-content\/uploads\/2026\/03\/3159510-150x150.jpg\" alt=\"estonian company\" decoding=\"async\" \/><br \/>\n\t\t\t\t\t\tEstonian Company: Access EU Markets<br \/>\n\t\t\t\t\t\t\t\t21 Mar 2026<br \/>\n\t\t\t\t\t\t\t\t\t\t\t\t\t\t\t\t\t\t\t\t\t\t\t\t\t\t\t\tBusiness Environment<br \/>\n\t\t\t\t<\/a>\n\t\t\t<\/li>\n<li>\n\t\t\t\t<a href=\"https:\/\/trustbooks.ee\/corporate-tax-estonia-2026\/\" ><br \/>\n\t\t\t\t\t<img loading=\"lazy\" width=\"150\" height=\"150\" src=\"https:\/\/trustbooks.ee\/wp-content\/uploads\/2026\/03\/jhevwhcbvyw-150x150.jpg\" alt=\"person using black computer keyboard\" decoding=\"async\" \/><br \/>\n\t\t\t\t\t\tCorporate Tax Estonia 2026<br \/>\n\t\t\t\t\t\t\t\t03 Mar 2026<br \/>\n\t\t\t\t\t\t\t\t\t\t\t\t\t\t\t\t\t\t\t\t\t\t\t\t\t\t\t\tTax &amp; Accounting<br \/>\n\t\t\t\t<\/a>\n\t\t\t<\/li>\n<\/ul>\n<h6>\n\t\t\t\t\t\tV\u00f5take meiega \u00fchendust<br \/>\n\t\t\t\t\t<\/h6>\n<h2>Tasuta konsultatsioon<\/h2>\n<p>Pakume 30-minutilist konsultatsiooni, et m\u00f5ista teie vajadusi ja selgitada, kuidas TrustBooks saab teid aidata.<\/p>\n<p>\t\t\t\t\t\t\t<a href=\"https:\/\/trustbooks.ee\/et\/tasuta-konsultatsioon\/\" id=\"\"><br \/>\n\t\t\t\t\tKonsultatsioon\t\t\t\t<\/a><br \/>\n\t\t\t\t\t\t\t<a href=\"https:\/\/trustbooks.ee\/et\/kontakt\/\" id=\"\"><br \/>\n\t\t\t\t\tV\u00f5tke meiega \u00fchendust\t\t\t\t<\/a><\/p>\n","protected":false},"excerpt":{"rendered":"<p>Raamatupidamine Eestis Usaldus on oluline. Raamatupidamine Maksuteenused Konsultatsioonid Tagage oma finantsedu professionaalsete ja personaalsete raamatupidamisteenustega. Tasuta konsultatsioon Keda me aitame L\u00e4henemisviis Eelised Iseloomustused \u00dchendust Teenused Raamatupidamislahendus igal tasemel Olenemata sellest, kas olete \u00fcksikisik, v\u00e4ike meeskond v\u00f5i kasvav ettev\u00f5te, meil on plaan, mis on koosk\u00f5las teie eesm\u00e4rkidega. Raamatupidamisteenused T\u00e4ielik raamatupidamislahendus ettev\u00f5tetele ja investoritele Finantsjuhtimine ja aruandlus, [&hellip;]<\/p>\n","protected":false},"author":1,"featured_media":0,"parent":0,"menu_order":0,"comment_status":"closed","ping_status":"closed","template":"","meta":{"inline_featured_image":false,"footnotes":""},"class_list":["post-24509","page","type-page","status-publish","hentry"],"_links":{"self":[{"href":"https:\/\/trustbooks.ee\/et\/wp-json\/wp\/v2\/pages\/24509","targetHints":{"allow":["GET"]}}],"collection":[{"href":"https:\/\/trustbooks.ee\/et\/wp-json\/wp\/v2\/pages"}],"about":[{"href":"https:\/\/trustbooks.ee\/et\/wp-json\/wp\/v2\/types\/page"}],"author":[{"embeddable":true,"href":"https:\/\/trustbooks.ee\/et\/wp-json\/wp\/v2\/users\/1"}],"replies":[{"embeddable":true,"href":"https:\/\/trustbooks.ee\/et\/wp-json\/wp\/v2\/comments?post=24509"}],"version-history":[{"count":0,"href":"https:\/\/trustbooks.ee\/et\/wp-json\/wp\/v2\/pages\/24509\/revisions"}],"wp:attachment":[{"href":"https:\/\/trustbooks.ee\/et\/wp-json\/wp\/v2\/media?parent=24509"}],"curies":[{"name":"wp","href":"https:\/\/api.w.org\/{rel}","templated":true}]}}